{"id":1342,"date":"2025-06-23T21:01:41","date_gmt":"2025-06-23T21:01:41","guid":{"rendered":"https:\/\/javiercastanoluthier.com\/ueber-mich\/"},"modified":"2025-07-03T18:52:27","modified_gmt":"2025-07-03T18:52:27","slug":"ueber-mich","status":"publish","type":"page","link":"https:\/\/javiercastanoluthier.com\/de\/ueber-mich\/","title":{"rendered":"\u00dcber mich"},"content":{"rendered":"\t\t<div data-elementor-type=\"wp-page\" data-elementor-id=\"1342\" class=\"elementor elementor-1342 elementor-852\" data-elementor-post-type=\"page\">\n\t\t\t\t<div class=\"elementor-element elementor-element-5401b33 e-flex e-con-boxed e-con e-parent\" data-id=\"5401b33\" data-element_type=\"container\" data-e-type=\"container\" data-settings=\"{&quot;background_background&quot;:&quot;classic&quot;}\">\n\t\t\t\t\t<div class=\"e-con-inner\">\n\t\t\t\t<div class=\"elementor-element elementor-element-3638780 elementor-widget elementor-widget-heading\" data-id=\"3638780\" data-element_type=\"widget\" data-e-type=\"widget\" data-widget_type=\"heading.default\">\n\t\t\t\t<div class=\"elementor-widget-container\">\n\t\t\t\t\t<h1 class=\"elementor-heading-title elementor-size-default\">\u00dcber mich<\/h1>\t\t\t\t<\/div>\n\t\t\t\t<\/div>\n\t\t\t\t<div class=\"elementor-element elementor-element-2906f82 elementor-widget-divider--view-line elementor-widget elementor-widget-divider\" data-id=\"2906f82\" data-element_type=\"widget\" data-e-type=\"widget\" data-widget_type=\"divider.default\">\n\t\t\t\t<div class=\"elementor-widget-container\">\n\t\t\t\t\t\t\t<div class=\"elementor-divider\">\n\t\t\t<span class=\"elementor-divider-separator\">\n\t\t\t\t\t\t<\/span>\n\t\t<\/div>\n\t\t\t\t\t\t<\/div>\n\t\t\t\t<\/div>\n\t\t\t\t\t<\/div>\n\t\t\t\t<\/div>\n\t\t<div class=\"elementor-element elementor-element-bb62633 e-flex e-con-boxed e-con e-parent\" data-id=\"bb62633\" data-element_type=\"container\" data-e-type=\"container\">\n\t\t\t\t\t<div class=\"e-con-inner\">\n\t\t\t\t\t<\/div>\n\t\t\t\t<\/div>\n\t\t<div class=\"elementor-element elementor-element-fb2beab e-flex e-con-boxed e-con e-parent\" data-id=\"fb2beab\" data-element_type=\"container\" data-e-type=\"container\">\n\t\t\t\t\t<div class=\"e-con-inner\">\n\t\t\t\t<div class=\"elementor-element elementor-element-dd6cc61 elementor-widget elementor-widget-heading\" data-id=\"dd6cc61\" data-element_type=\"widget\" data-e-type=\"widget\" data-widget_type=\"heading.default\">\n\t\t\t\t<div class=\"elementor-widget-container\">\n\t\t\t\t\t<h2 class=\"elementor-heading-title elementor-size-default\">BIOGRAPHIE<\/h2>\t\t\t\t<\/div>\n\t\t\t\t<\/div>\n\t\t\t\t<div class=\"elementor-element elementor-element-3e5bb5a elementor-widget elementor-widget-text-editor\" data-id=\"3e5bb5a\" data-element_type=\"widget\" data-e-type=\"widget\" data-widget_type=\"text-editor.default\">\n\t\t\t\t<div class=\"elementor-widget-container\">\n\t\t\t\t\t\t\t\t\t<div id=\"comp-kyajdb98\" class=\"Z_l5lU ku3DBC zQ9jDz qvSjx3 Vq6kJx comp-kyajdb98 wixui-rich-text\" data-testid=\"richTextElement\"><p class=\"font_7 wixui-rich-text__text\">Javier Casta\u00f1o wurde 1974 in Madrid geboren, bereits im Alter von vierzehn Jahren zeichnete sich sein Gesp\u00fcr f\u00fcr die Flamenco-Gitarre ab und er begann das Instrument zu spielen. Das Gef\u00fchl wuchs so sehr, dass er im Alter von zweiundzwanzig Jahren seine Karriere als Gitarrenbauer begann und mehrere Kurse bei dem Maestro Rafael L\u00f3pez Porras in C\u00e1diz besuchte. In den folgenden Jahren setzte er seine Arbeit mit Rafael in den Kursen, die er unterrichtete, fort, half und tauschte Meinungen, Erfahrungen und Techniken mit verschiedenen Gitarrenbauern aus, die in diesen Kursen erw\u00e4hnt wurden.<\/p><p class=\"font_7 wixui-rich-text__text\">Im Jahr 2008 begann er, sich voll und ganz der Madrider Schule zu widmen, und in dieser Zeit erh\u00e4lt seine Karriere als Geigenbauer eine neue Bedeutung, indem er sich an dieser gro\u00dfen Lehrerschule Kenntnisse und Techniken aneignet. Im Laufe des Jahres 2014 begann er, bis 2022 direkt mit dem Haus Conde Atocha in Madrid zusammenzuarbeiten.<\/p><p class=\"font_7 wixui-rich-text__text\"><span class=\"wixGuard wixui-rich-text__text\">Derzeit ist Javier Casta\u00f1o Geigenbauer und widmet sich voll und ganz seinem Beruf.<\/span><\/p><\/div>\t\t\t\t\t\t\t\t<\/div>\n\t\t\t\t<\/div>\n\t\t\t\t<div class=\"elementor-element elementor-element-0f57154 elementor-widget elementor-widget-image\" data-id=\"0f57154\" data-element_type=\"widget\" data-e-type=\"widget\" data-widget_type=\"image.default\">\n\t\t\t\t<div class=\"elementor-widget-container\">\n\t\t\t\t\t\t\t\t\t\t\t\t\t\t\t<img fetchpriority=\"high\" decoding=\"async\" width=\"768\" height=\"506\" src=\"https:\/\/javiercastanoluthier.com\/wp-content\/uploads\/2025\/05\/javier_castano_guitarra-768x506.jpeg\" class=\"attachment-medium_large size-medium_large wp-image-1063\" alt=\"javier_casta\u00f1o_guitarra\" srcset=\"https:\/\/javiercastanoluthier.com\/wp-content\/uploads\/2025\/05\/javier_castano_guitarra-768x506.jpeg 768w, https:\/\/javiercastanoluthier.com\/wp-content\/uploads\/2025\/05\/javier_castano_guitarra-600x395.jpeg 600w, https:\/\/javiercastanoluthier.com\/wp-content\/uploads\/2025\/05\/javier_castano_guitarra-300x198.jpeg 300w, https:\/\/javiercastanoluthier.com\/wp-content\/uploads\/2025\/05\/javier_castano_guitarra-1024x675.jpeg 1024w, https:\/\/javiercastanoluthier.com\/wp-content\/uploads\/2025\/05\/javier_castano_guitarra-1536x1012.jpeg 1536w, https:\/\/javiercastanoluthier.com\/wp-content\/uploads\/2025\/05\/javier_castano_guitarra.jpeg 1600w\" sizes=\"(max-width: 768px) 100vw, 768px\" \/>\t\t\t\t\t\t\t\t\t\t\t\t\t\t\t<\/div>\n\t\t\t\t<\/div>\n\t\t\t\t\t<\/div>\n\t\t\t\t<\/div>\n\t\t<div class=\"elementor-element elementor-element-d3c6036 e-flex e-con-boxed e-con e-parent\" data-id=\"d3c6036\" data-element_type=\"container\" data-e-type=\"container\">\n\t\t\t\t\t<div class=\"e-con-inner\">\n\t\t\t\t\t<\/div>\n\t\t\t\t<\/div>\n\t\t\t\t<\/div>\n\t\t","protected":false},"excerpt":{"rendered":"<p>\u00dcber mich BIOGRAPHIE Javier Casta\u00f1o wurde 1974 in Madrid geboren, bereits im Alter von vierzehn Jahren zeichnete sich sein Gesp\u00fcr [&hellip;]<\/p>\n","protected":false},"author":1,"featured_media":0,"parent":0,"menu_order":0,"comment_status":"closed","ping_status":"closed","template":"","meta":{"site-sidebar-layout":"no-sidebar","site-content-layout":"","ast-site-content-layout":"full-width-container","site-content-style":"default","site-sidebar-style":"default","ast-global-header-display":"","ast-banner-title-visibility":"","ast-main-header-display":"","ast-hfb-above-header-display":"","ast-hfb-below-header-display":"","ast-hfb-mobile-header-display":"","site-post-title":"disabled","ast-breadcrumbs-content":"","ast-featured-img":"disabled","footer-sml-layout":"","ast-disable-related-posts":"","theme-transparent-header-meta":"","adv-header-id-meta":"","stick-header-meta":"","header-above-stick-meta":"","header-main-stick-meta":"","header-below-stick-meta":"","astra-migrate-meta-layouts":"default","ast-page-background-enabled":"default","ast-page-background-meta":{"desktop":{"background-color":"var(--ast-global-color-5)","background-image":"","background-repeat":"repeat","background-position":"center center","background-size":"auto","background-attachment":"scroll","background-type":"","background-media":"","overlay-type":"","overlay-color":"","overlay-opacity":"","overlay-gradient":""},"tablet":{"background-color":"","background-image":"","background-repeat":"repeat","background-position":"center center","background-size":"auto","background-attachment":"scroll","background-type":"","background-media":"","overlay-type":"","overlay-color":"","overlay-opacity":"","overlay-gradient":""},"mobile":{"background-color":"","background-image":"","background-repeat":"repeat","background-position":"center center","background-size":"auto","background-attachment":"scroll","background-type":"","background-media":"","overlay-type":"","overlay-color":"","overlay-opacity":"","overlay-gradient":""}},"ast-content-background-meta":{"desktop":{"background-color":"var(--ast-global-color-4)","background-image":"","background-repeat":"repeat","background-position":"center center","background-size":"auto","background-attachment":"scroll","background-type":"","background-media":"","overlay-type":"","overlay-color":"","overlay-opacity":"","overlay-gradient":""},"tablet":{"background-color":"var(--ast-global-color-4)","background-image":"","background-repeat":"repeat","background-position":"center center","background-size":"auto","background-attachment":"scroll","background-type":"","background-media":"","overlay-type":"","overlay-color":"","overlay-opacity":"","overlay-gradient":""},"mobile":{"background-color":"var(--ast-global-color-4)","background-image":"","background-repeat":"repeat","background-position":"center center","background-size":"auto","background-attachment":"scroll","background-type":"","background-media":"","overlay-type":"","overlay-color":"","overlay-opacity":"","overlay-gradient":""}},"_joinchat":[],"footnotes":""},"class_list":["post-1342","page","type-page","status-publish","hentry"],"_links":{"self":[{"href":"https:\/\/javiercastanoluthier.com\/de\/wp-json\/wp\/v2\/pages\/1342","targetHints":{"allow":["GET"]}}],"collection":[{"href":"https:\/\/javiercastanoluthier.com\/de\/wp-json\/wp\/v2\/pages"}],"about":[{"href":"https:\/\/javiercastanoluthier.com\/de\/wp-json\/wp\/v2\/types\/page"}],"author":[{"embeddable":true,"href":"https:\/\/javiercastanoluthier.com\/de\/wp-json\/wp\/v2\/users\/1"}],"replies":[{"embeddable":true,"href":"https:\/\/javiercastanoluthier.com\/de\/wp-json\/wp\/v2\/comments?post=1342"}],"version-history":[{"count":1,"href":"https:\/\/javiercastanoluthier.com\/de\/wp-json\/wp\/v2\/pages\/1342\/revisions"}],"predecessor-version":[{"id":1343,"href":"https:\/\/javiercastanoluthier.com\/de\/wp-json\/wp\/v2\/pages\/1342\/revisions\/1343"}],"wp:attachment":[{"href":"https:\/\/javiercastanoluthier.com\/de\/wp-json\/wp\/v2\/media?parent=1342"}],"curies":[{"name":"wp","href":"https:\/\/api.w.org\/{rel}","templated":true}]}}